{"id":43,"date":"2023-08-06T11:34:00","date_gmt":"2023-08-06T09:34:00","guid":{"rendered":"http:\/\/destek-bodensee.de\/?page_id=43"},"modified":"2023-12-01T14:14:52","modified_gmt":"2023-12-01T13:14:52","slug":"leistungen","status":"publish","type":"page","link":"http:\/\/destek-bodensee.de\/?page_id=43","title":{"rendered":"Leistungen"},"content":{"rendered":"\n<p>Hier finden Sie eine kleine Auflistung unserer T\u00e4tigkeiten. Sie ben\u00f6tigen eine Unterst\u00fctzung im Alltag, die hier nicht aufgelistet ist? Sprechen Sie uns gerne an, wir finden sicher eine gemeinsame L\u00f6sung.<\/p>\n\n\n\n<div style=\"height:30px\" aria-hidden=\"true\" class=\"wp-block-spacer\"><\/div>\n\n\n\n<div class=\"wp-block-media-text alignwide has-media-on-the-right is-stacked-on-mobile has-background\" style=\"background-color:#b2ac88;grid-template-columns:auto 60%\"><div class=\"wp-block-media-text__content\">\n<p><strong>SENIORENASSISTENZ<\/strong><\/p>\n\n\n\n<ul class=\"wp-block-list\">\n<li><strong>Begleitung<\/strong> zum Arzt, zur Physiotherapie<\/li>\n\n\n\n<li><strong>Unterst\u00fctzung <\/strong>bei Beh\u00f6rdeng\u00e4ngen<\/li>\n\n\n\n<li><strong>Hilfestellung <\/strong>f\u00fcr Ihren Alltag in Wohn- und Pfegeeinrichtungen oder Reha-Aufenthalten<\/li>\n\n\n\n<li><strong>Besuch <\/strong>kultureller Veranstaltungen<\/li>\n\n\n\n<li><strong>Freizeitgestaltung<\/strong>, gemeinsame Unternehmungen<\/li>\n\n\n\n<li><strong>Organisation <\/strong>von Festlichkeiten<\/li>\n\n\n\n<li><strong>Autofahrten <\/strong>zu Terminen<\/li>\n<\/ul>\n\n\n\n<div class=\"wp-block-buttons is-layout-flex wp-block-buttons-is-layout-flex\">\n<div class=\"wp-block-button has-custom-width wp-block-button__width-75 is-style-fill\"><a class=\"wp-block-button__link has-black-color has-white-background-color has-text-color has-background wp-element-button\" href=\"http:\/\/destek-bodensee.de\/?page_id=70\" style=\"border-radius:100px\" target=\"_blank\" rel=\"noreferrer noopener\">Anfragen<\/a><\/div>\n<\/div>\n<\/div><figure class=\"wp-block-media-text__media\"><img loading=\"lazy\" decoding=\"async\" width=\"1024\" height=\"682\" src=\"http:\/\/destek-bodensee.de\/wp-content\/uploads\/2023\/08\/senior-citizens-g18a989979_1280-1024x682.jpg\" alt=\"\" class=\"wp-image-46 size-full\" srcset=\"http:\/\/destek-bodensee.de\/wp-content\/uploads\/2023\/08\/senior-citizens-g18a989979_1280-1024x682.jpg 1024w, http:\/\/destek-bodensee.de\/wp-content\/uploads\/2023\/08\/senior-citizens-g18a989979_1280-300x200.jpg 300w, http:\/\/destek-bodensee.de\/wp-content\/uploads\/2023\/08\/senior-citizens-g18a989979_1280-768x512.jpg 768w, http:\/\/destek-bodensee.de\/wp-content\/uploads\/2023\/08\/senior-citizens-g18a989979_1280-90x60.jpg 90w, http:\/\/destek-bodensee.de\/wp-content\/uploads\/2023\/08\/senior-citizens-g18a989979_1280-370x247.jpg 370w, http:\/\/destek-bodensee.de\/wp-content\/uploads\/2023\/08\/senior-citizens-g18a989979_1280-776x517.jpg 776w, http:\/\/destek-bodensee.de\/wp-content\/uploads\/2023\/08\/senior-citizens-g18a989979_1280.jpg 1280w\" sizes=\"auto, (max-width: 1024px) 100vw, 1024px\" \/><\/figure><\/div>\n\n\n\n<div style=\"height:44px\" aria-hidden=\"true\" class=\"wp-block-spacer\"><\/div>\n\n\n\n<div class=\"wp-block-media-text alignwide is-stacked-on-mobile has-background\" style=\"background-color:#b2ac88;grid-template-columns:60% auto\"><figure class=\"wp-block-media-text__media\"><img loading=\"lazy\" decoding=\"async\" width=\"1024\" height=\"682\" src=\"http:\/\/destek-bodensee.de\/wp-content\/uploads\/2023\/09\/kitchen-1756631_1280-1024x682.jpg\" alt=\"K\u00fcchenzeile\" class=\"wp-image-180 size-full\" srcset=\"http:\/\/destek-bodensee.de\/wp-content\/uploads\/2023\/09\/kitchen-1756631_1280-1024x682.jpg 1024w, http:\/\/destek-bodensee.de\/wp-content\/uploads\/2023\/09\/kitchen-1756631_1280-300x200.jpg 300w, http:\/\/destek-bodensee.de\/wp-content\/uploads\/2023\/09\/kitchen-1756631_1280-768x512.jpg 768w, http:\/\/destek-bodensee.de\/wp-content\/uploads\/2023\/09\/kitchen-1756631_1280-90x60.jpg 90w, http:\/\/destek-bodensee.de\/wp-content\/uploads\/2023\/09\/kitchen-1756631_1280-370x247.jpg 370w, http:\/\/destek-bodensee.de\/wp-content\/uploads\/2023\/09\/kitchen-1756631_1280-776x517.jpg 776w, http:\/\/destek-bodensee.de\/wp-content\/uploads\/2023\/09\/kitchen-1756631_1280.jpg 1280w\" sizes=\"auto, (max-width: 1024px) 100vw, 1024px\" \/><\/figure><div class=\"wp-block-media-text__content\">\n<p><strong>HAUSHALTSNAHE DIENSTLEISTUNGEN<\/strong><\/p>\n\n\n\n<ul class=\"wp-block-list\">\n<li>Wir kochen frisch f\u00fcr Sie<\/li>\n\n\n\n<li>Professionelle Reinigung Ihrer Wohnung<\/li>\n\n\n\n<li>Hauseigene Schneiderin<\/li>\n\n\n\n<li>W\u00e4sche- und B\u00fcgelservice<\/li>\n<\/ul>\n\n\n\n<div class=\"wp-block-buttons is-layout-flex wp-block-buttons-is-layout-flex\">\n<div class=\"wp-block-button has-custom-width wp-block-button__width-75 is-style-fill\"><a class=\"wp-block-button__link has-black-color has-white-background-color has-text-color has-background wp-element-button\" href=\"http:\/\/destek-bodensee.de\/?page_id=70\" style=\"border-radius:100px\" target=\"_blank\" rel=\"noreferrer noopener\">Anfragen<\/a><\/div>\n<\/div>\n<\/div><\/div>\n\n\n\n<div style=\"height:30px\" aria-hidden=\"true\" class=\"wp-block-spacer\"><\/div>\n\n\n\n<div style=\"height:30px\" aria-hidden=\"true\" class=\"wp-block-spacer\"><\/div>\n","protected":false},"excerpt":{"rendered":"<p>Hier finden Sie eine kleine Auflistung unserer T\u00e4tigkeiten. Sie ben\u00f6tigen eine Unterst\u00fctzung im Alltag, die hier nicht aufgelistet ist? Sprechen Sie uns gerne an, wir finden sicher eine gemeinsame L\u00f6sung.<\/p>\n","protected":false},"author":1,"featured_media":0,"parent":0,"menu_order":0,"comment_status":"closed","ping_status":"closed","template":"","meta":{"footnotes":""},"class_list":["post-43","page","type-page","status-publish","hentry"],"_links":{"self":[{"href":"http:\/\/destek-bodensee.de\/index.php?rest_route=\/wp\/v2\/pages\/43","targetHints":{"allow":["GET"]}}],"collection":[{"href":"http:\/\/destek-bodensee.de\/index.php?rest_route=\/wp\/v2\/pages"}],"about":[{"href":"http:\/\/destek-bodensee.de\/index.php?rest_route=\/wp\/v2\/types\/page"}],"author":[{"embeddable":true,"href":"http:\/\/destek-bodensee.de\/index.php?rest_route=\/wp\/v2\/users\/1"}],"replies":[{"embeddable":true,"href":"http:\/\/destek-bodensee.de\/index.php?rest_route=%2Fwp%2Fv2%2Fcomments&post=43"}],"version-history":[{"count":13,"href":"http:\/\/destek-bodensee.de\/index.php?rest_route=\/wp\/v2\/pages\/43\/revisions"}],"predecessor-version":[{"id":256,"href":"http:\/\/destek-bodensee.de\/index.php?rest_route=\/wp\/v2\/pages\/43\/revisions\/256"}],"wp:attachment":[{"href":"http:\/\/destek-bodensee.de\/index.php?rest_route=%2Fwp%2Fv2%2Fmedia&parent=43"}],"curies":[{"name":"wp","href":"https:\/\/api.w.org\/{rel}","templated":true}]}}